{"id":8,"date":"2010-05-21T14:55:56","date_gmt":"2010-05-21T12:55:56","guid":{"rendered":"http:\/\/www.sebastian-zenner.de\/?page_id=8"},"modified":"2022-01-12T14:00:45","modified_gmt":"2022-01-12T13:00:45","slug":"veroffentlichungen","status":"publish","type":"page","link":"https:\/\/www.sebastian-zenner.de\/?page_id=8","title":{"rendered":"KONTAKT"},"content":{"rendered":"<p style=\"text-align: left;\">Haben Sie Fragen, Anregungen oder Auftr\u00e4ge f\u00fcr mich?<\/p>\n<p style=\"text-align: left;\">Meine Anschrift:<\/p>\n<p style=\"text-align: left;\">Sebastian Zenner<br \/>\nGr\u00fchlingstr. 104<br \/>\n66280 Sulzbach\/Saar<br \/>\nTelefon: +49 6897 &#8211; 95 227 89<br \/>\nMobil: +49 178 48 44 746<br \/>\nE-Mail: <a href=\"mailto:mail@sebastian-zenner.de\">mail (at) sebastian-zenner.de<\/a><\/p>\n<p style=\"text-align: left;\">Oder nutzen Sie einfach das Kontaktformular:<\/p>\n\n<div class=\"wpcf7 no-js\" id=\"wpcf7-f233-o1\" lang=\"en-US\" dir=\"ltr\">\n<div class=\"screen-reader-response\"><p role=\"status\" aria-live=\"polite\" aria-atomic=\"true\"><\/p> <ul><\/ul><\/div>\n<form action=\"\/index.php?rest_route=%2Fwp%2Fv2%2Fpages%2F8#wpcf7-f233-o1\" method=\"post\" class=\"wpcf7-form init\" aria-label=\"Contact form\" novalidate=\"novalidate\" data-status=\"init\">\n<div style=\"display: none;\">\n<input type=\"hidden\" name=\"_wpcf7\" value=\"233\" \/>\n<input type=\"hidden\" name=\"_wpcf7_version\" value=\"5.8\" \/>\n<input type=\"hidden\" name=\"_wpcf7_locale\" value=\"en_US\" \/>\n<input type=\"hidden\" name=\"_wpcf7_unit_tag\" value=\"wpcf7-f233-o1\" \/>\n<input type=\"hidden\" name=\"_wpcf7_container_post\" value=\"0\" \/>\n<input type=\"hidden\" name=\"_wpcf7_posted_data_hash\" value=\"\" \/>\n<\/div>\n<p>Ihre Name (Pflichtfeld)\n<\/p>\n<p><span class=\"wpcf7-form-control-wrap\" data-name=\"your-name\"><input size=\"40\" class=\"wpcf7-form-control wpcf7-text wpcf7-validates-as-required\" aria-required=\"true\" aria-invalid=\"false\" value=\"\" type=\"text\" name=\"your-name\" \/><\/span>\n<\/p>\n<p>Ihre Email (Pflichtfeld)\n<\/p>\n<p><span class=\"wpcf7-form-control-wrap\" data-name=\"your-email\"><input size=\"40\" class=\"wpcf7-form-control wpcf7-email wpcf7-validates-as-required wpcf7-text wpcf7-validates-as-email\" aria-required=\"true\" aria-invalid=\"false\" value=\"\" type=\"email\" name=\"your-email\" \/><\/span>\n<\/p>\n<p>Betreff\n<\/p>\n<p><span class=\"wpcf7-form-control-wrap\" data-name=\"your-subject\"><input size=\"40\" class=\"wpcf7-form-control wpcf7-text\" aria-invalid=\"false\" value=\"\" type=\"text\" name=\"your-subject\" \/><\/span>\n<\/p>\n<p>Ihre Nachricht\n<\/p>\n<p><span class=\"wpcf7-form-control-wrap\" data-name=\"your-message\"><textarea cols=\"40\" rows=\"10\" class=\"wpcf7-form-control wpcf7-textarea\" aria-invalid=\"false\" name=\"your-message\"><\/textarea><\/span>\n<\/p>\n<p>Bitte beweisen Sie mir noch, dass Sie kein Spambot sind!\n<\/p>\n<p><input type=\"hidden\" name=\"_wpcf7_captcha_challenge_captcha-243\" value=\"1071036352\" \/><img loading=\"lazy\" decoding=\"async\" class=\"wpcf7-form-control wpcf7-captchac wpcf7-captcha-captcha-243\" width=\"72\" height=\"24\" alt=\"captcha\" src=\"https:\/\/www.sebastian-zenner.de\/wp-content\/uploads\/wpcf7_captcha\/1071036352.png\" \/><br \/>\n<span class=\"wpcf7-form-control-wrap\" data-name=\"captcha-243\"><input size=\"40\" class=\"wpcf7-form-control wpcf7-captchar\" autocomplete=\"off\" aria-invalid=\"false\" value=\"\" type=\"text\" name=\"captcha-243\" \/><\/span>\n<\/p>\n<p><input class=\"wpcf7-form-control wpcf7-submit has-spinner\" type=\"submit\" value=\"Senden\" \/>\n<\/p><div class=\"wpcf7-response-output\" aria-hidden=\"true\"><\/div>\n<\/form>\n<\/div>\n\n","protected":false},"excerpt":{"rendered":"<p>Haben Sie Fragen, Anregungen oder Auftr\u00e4ge f\u00fcr mich? Meine Anschrift: Sebastian Zenner Gr\u00fchlingstr. 104 66280 Sulzbach\/Saar Telefon: +49 6897 &#8211; 95 227 89 Mobil: +49 178 48 44 746 E-Mail: mail (at) sebastian-zenner.de Oder nutzen Sie einfach das Kontaktformular:<\/p>\n","protected":false},"author":1,"featured_media":0,"parent":0,"menu_order":2,"comment_status":"open","ping_status":"closed","template":"","meta":{"footnotes":""},"class_list":["post-8","page","type-page","status-publish","hentry"],"_links":{"self":[{"href":"https:\/\/www.sebastian-zenner.de\/index.php?rest_route=\/wp\/v2\/pages\/8","targetHints":{"allow":["GET"]}}],"collection":[{"href":"https:\/\/www.sebastian-zenner.de\/index.php?rest_route=\/wp\/v2\/pages"}],"about":[{"href":"https:\/\/www.sebastian-zenner.de\/index.php?rest_route=\/wp\/v2\/types\/page"}],"author":[{"embeddable":true,"href":"https:\/\/www.sebastian-zenner.de\/index.php?rest_route=\/wp\/v2\/users\/1"}],"replies":[{"embeddable":true,"href":"https:\/\/www.sebastian-zenner.de\/index.php?rest_route=%2Fwp%2Fv2%2Fcomments&post=8"}],"version-history":[{"count":20,"href":"https:\/\/www.sebastian-zenner.de\/index.php?rest_route=\/wp\/v2\/pages\/8\/revisions"}],"predecessor-version":[{"id":362,"href":"https:\/\/www.sebastian-zenner.de\/index.php?rest_route=\/wp\/v2\/pages\/8\/revisions\/362"}],"wp:attachment":[{"href":"https:\/\/www.sebastian-zenner.de\/index.php?rest_route=%2Fwp%2Fv2%2Fmedia&parent=8"}],"curies":[{"name":"wp","href":"https:\/\/api.w.org\/{rel}","templated":true}]}}