{"id":30,"date":"2011-01-15T11:51:26","date_gmt":"2011-01-15T10:51:26","guid":{"rendered":"http:\/\/www.sebastian-zenner.de\/?page_id=30"},"modified":"2012-09-03T19:53:59","modified_gmt":"2012-09-03T17:53:59","slug":"start","status":"publish","type":"page","link":"https:\/\/www.sebastian-zenner.de\/","title":{"rendered":"Herzlich Willkommen!"},"content":{"rendered":"<p>Ich freue mich \u00fcber Ihr Interesse an meiner Internetseite.<\/p>\n<p>Hier k\u00f6nnen Sie eine Auswahl meiner Artikel lesen, etwas \u00fcber mich und meine Arbeit erfahren, meine Allgemeinen Gesch\u00e4ftsbedingungen einsehen und Kontakt mit mir aufnehmen.<\/p>\n<p>Die hier ver\u00f6ffentlichten Texte sind in unterschiedliche Themenbereiche unterteilt (siehe links). Au\u00dferdem k\u00f6nnen Sie die Suchfunktion (darunter) oder die &#8222;Schlagwort-Wolke&#8220; nutzen, um Texte \u00fcber bestimmte Themen zu finden. Sollten Sie Fragen oder einfach nur Interesse an einem Thema haben, k\u00f6nnen Sie mich gerne jederzeit kontaktieren.<\/p>\n<p>Ich w\u00fcsche Ihnen viel Spa\u00df beim Lesen und freue mich auf Ihr Feedback!<\/p>\n<p><a href=\"..\/?page_id=8\">Sebastian Zenner<\/a><\/p>\n","protected":false},"excerpt":{"rendered":"<p>Ich freue mich \u00fcber Ihr Interesse an meiner Internetseite. Hier k\u00f6nnen Sie eine Auswahl meiner Artikel lesen, etwas \u00fcber mich und meine Arbeit erfahren, meine Allgemeinen Gesch\u00e4ftsbedingungen einsehen und Kontakt mit mir aufnehmen. Die hier ver\u00f6ffentlichten Texte sind in unterschiedliche &hellip; <a href=\"https:\/\/www.sebastian-zenner.de\/\">Lesen fortsetzen <span class=\"meta-nav\">&rarr;<\/span><\/a><\/p>\n","protected":false},"author":1,"featured_media":0,"parent":0,"menu_order":0,"comment_status":"closed","ping_status":"open","template":"","meta":{"footnotes":""},"class_list":["post-30","page","type-page","status-publish","hentry"],"_links":{"self":[{"href":"https:\/\/www.sebastian-zenner.de\/index.php?rest_route=\/wp\/v2\/pages\/30","targetHints":{"allow":["GET"]}}],"collection":[{"href":"https:\/\/www.sebastian-zenner.de\/index.php?rest_route=\/wp\/v2\/pages"}],"about":[{"href":"https:\/\/www.sebastian-zenner.de\/index.php?rest_route=\/wp\/v2\/types\/page"}],"author":[{"embeddable":true,"href":"https:\/\/www.sebastian-zenner.de\/index.php?rest_route=\/wp\/v2\/users\/1"}],"replies":[{"embeddable":true,"href":"https:\/\/www.sebastian-zenner.de\/index.php?rest_route=%2Fwp%2Fv2%2Fcomments&post=30"}],"version-history":[{"count":29,"href":"https:\/\/www.sebastian-zenner.de\/index.php?rest_route=\/wp\/v2\/pages\/30\/revisions"}],"predecessor-version":[{"id":149,"href":"https:\/\/www.sebastian-zenner.de\/index.php?rest_route=\/wp\/v2\/pages\/30\/revisions\/149"}],"wp:attachment":[{"href":"https:\/\/www.sebastian-zenner.de\/index.php?rest_route=%2Fwp%2Fv2%2Fmedia&parent=30"}],"curies":[{"name":"wp","href":"https:\/\/api.w.org\/{rel}","templated":true}]}}