{"id":243,"date":"2012-09-01T17:01:59","date_gmt":"2012-09-01T15:01:59","guid":{"rendered":"http:\/\/www.sebastian-zenner.de\/?page_id=243"},"modified":"2023-02-12T12:56:20","modified_gmt":"2023-02-12T11:56:20","slug":"leistungen","status":"publish","type":"page","link":"https:\/\/www.sebastian-zenner.de\/?page_id=243","title":{"rendered":"LEISTUNGEN"},"content":{"rendered":"<p>Zu meinen Leistungen geh\u00f6ren neben professioneller Print-Berichterstattung f\u00fcr journalistische Zeitungen, Zeitschriften und Magazine auch das Verfassen von Pressemitteilungen und Texten aller Art. Zudem habe ich Erfahrungen im Bereich Marketing und \u00d6ffentlichkeitsarbeit gesammelt.<\/p>\n<p>Sie k\u00f6nnen mich gerne per Email oder \u00fcber das Formular kontaktieren und wir besprechen ihr Anliegen ganz individuell.<\/p>\n","protected":false},"excerpt":{"rendered":"<p>Zu meinen Leistungen geh\u00f6ren neben professioneller Print-Berichterstattung f\u00fcr journalistische Zeitungen, Zeitschriften und Magazine auch das Verfassen von Pressemitteilungen und Texten aller Art. Zudem habe ich Erfahrungen im Bereich Marketing und \u00d6ffentlichkeitsarbeit gesammelt. Sie k\u00f6nnen mich gerne per Email oder \u00fcber &hellip; <a href=\"https:\/\/www.sebastian-zenner.de\/?page_id=243\">Lesen fortsetzen <span class=\"meta-nav\">&rarr;<\/span><\/a><\/p>\n","protected":false},"author":1,"featured_media":0,"parent":0,"menu_order":0,"comment_status":"closed","ping_status":"closed","template":"","meta":{"footnotes":""},"class_list":["post-243","page","type-page","status-publish","hentry"],"_links":{"self":[{"href":"https:\/\/www.sebastian-zenner.de\/index.php?rest_route=\/wp\/v2\/pages\/243","targetHints":{"allow":["GET"]}}],"collection":[{"href":"https:\/\/www.sebastian-zenner.de\/index.php?rest_route=\/wp\/v2\/pages"}],"about":[{"href":"https:\/\/www.sebastian-zenner.de\/index.php?rest_route=\/wp\/v2\/types\/page"}],"author":[{"embeddable":true,"href":"https:\/\/www.sebastian-zenner.de\/index.php?rest_route=\/wp\/v2\/users\/1"}],"replies":[{"embeddable":true,"href":"https:\/\/www.sebastian-zenner.de\/index.php?rest_route=%2Fwp%2Fv2%2Fcomments&post=243"}],"version-history":[{"count":6,"href":"https:\/\/www.sebastian-zenner.de\/index.php?rest_route=\/wp\/v2\/pages\/243\/revisions"}],"predecessor-version":[{"id":366,"href":"https:\/\/www.sebastian-zenner.de\/index.php?rest_route=\/wp\/v2\/pages\/243\/revisions\/366"}],"wp:attachment":[{"href":"https:\/\/www.sebastian-zenner.de\/index.php?rest_route=%2Fwp%2Fv2%2Fmedia&parent=243"}],"curies":[{"name":"wp","href":"https:\/\/api.w.org\/{rel}","templated":true}]}}