{"id":2,"date":"2010-05-21T13:59:59","date_gmt":"2010-05-21T11:59:59","guid":{"rendered":"http:\/\/www.sebastian-zenner.de\/?page_id=2"},"modified":"2023-02-12T12:55:56","modified_gmt":"2023-02-12T11:55:56","slug":"eine-seite","status":"publish","type":"page","link":"https:\/\/www.sebastian-zenner.de\/?page_id=2","title":{"rendered":"\u00dcBER MICH"},"content":{"rendered":"<p>Ich hei\u00dfe &#8211; wie die Adresse dieser Internetseite vermuten l\u00e4sst &#8211; Sebastian Zenner, wurde 1984 in Quierschied geboren, wohne in Sulzbach\/Saar und arbeite seit November 2009 hauptberuflich als Freier Journalist und Texter.<\/p>\n<p>Zu meinen Hobbies z\u00e4hlen Fu\u00dfball spielen (bei der Sportvereinigung Quierschied), Sport im Allgemeinen, Musik h\u00f6ren und Filme schauen. In weiten Teilen verstehe ich auch meinen Beruf als Hobby, weil mir das Schreiben von Texten schon immer Spa\u00df gemacht hat. Bei meinem Fu\u00dfballverein bin ich seit vielen Jahren ehrenamtlich engagiert und war lange in der Jugendarbeit und im Vorstand (2009 &#8211; 2019 als Leiter \u00d6ffentlichkeitsarbeit und Marketing) t\u00e4tig.<\/p>\n<p>Au\u00dferdem habe ich mich schon w\u00e4hrend meiner Schul- und sp\u00e4ter in der Studienzeit f\u00fcr soziologische Themen, Politik sowie Medien und Journalismus an sich interessiert und bilde mich im Rahmen meiner beruflichen T\u00e4tigkeit in diesen Bereichen st\u00e4ndig weiter.<\/p>\n<p><strong>Mein Lebenslauf<\/strong><\/p>\n<p>1994 &#8211; 2003:<br \/>\nTheodor-Heuss Gymnasium Sulzbach mit dem Abschluss: Abitur<\/p>\n<p>2003 &#8211; 2004:<br \/>\nZivildienst an der Rettungswache Sulzbach mit der Ausbildung zum Rettungssanit\u00e4ter<\/p>\n<p>2004 &#8211; 2009:<br \/>\nUniversit\u00e4t Trier, Studium der Soziologie und Politikwissenschaft<\/p>\n<p>Abschluss: Magister Artium (Thema der Magisterarbeit: &#8222;Die Reaktion der dritten Fernsehprogramme auf den Demografischen Wandel&#8220;)<\/p>\n<p>seit 2009: Freier Journalist und Texter<\/p>\n<p>seit 2017: Angestellter der Gemeinde Quierschied (Presse- und \u00d6ffentlichkeitsarbeit, Gemeindemarketing, Leerstandsmanagement)<\/p>\n","protected":false},"excerpt":{"rendered":"<p>Ich hei\u00dfe &#8211; wie die Adresse dieser Internetseite vermuten l\u00e4sst &#8211; Sebastian Zenner, wurde 1984 in Quierschied geboren, wohne in Sulzbach\/Saar und arbeite seit November 2009 hauptberuflich als Freier Journalist und Texter. Zu meinen Hobbies z\u00e4hlen Fu\u00dfball spielen (bei der &hellip; <a href=\"https:\/\/www.sebastian-zenner.de\/?page_id=2\">Lesen fortsetzen <span class=\"meta-nav\">&rarr;<\/span><\/a><\/p>\n","protected":false},"author":1,"featured_media":0,"parent":0,"menu_order":1,"comment_status":"closed","ping_status":"closed","template":"","meta":{"footnotes":""},"class_list":["post-2","page","type-page","status-publish","hentry"],"_links":{"self":[{"href":"https:\/\/www.sebastian-zenner.de\/index.php?rest_route=\/wp\/v2\/pages\/2","targetHints":{"allow":["GET"]}}],"collection":[{"href":"https:\/\/www.sebastian-zenner.de\/index.php?rest_route=\/wp\/v2\/pages"}],"about":[{"href":"https:\/\/www.sebastian-zenner.de\/index.php?rest_route=\/wp\/v2\/types\/page"}],"author":[{"embeddable":true,"href":"https:\/\/www.sebastian-zenner.de\/index.php?rest_route=\/wp\/v2\/users\/1"}],"replies":[{"embeddable":true,"href":"https:\/\/www.sebastian-zenner.de\/index.php?rest_route=%2Fwp%2Fv2%2Fcomments&post=2"}],"version-history":[{"count":34,"href":"https:\/\/www.sebastian-zenner.de\/index.php?rest_route=\/wp\/v2\/pages\/2\/revisions"}],"predecessor-version":[{"id":365,"href":"https:\/\/www.sebastian-zenner.de\/index.php?rest_route=\/wp\/v2\/pages\/2\/revisions\/365"}],"wp:attachment":[{"href":"https:\/\/www.sebastian-zenner.de\/index.php?rest_route=%2Fwp%2Fv2%2Fmedia&parent=2"}],"curies":[{"name":"wp","href":"https:\/\/api.w.org\/{rel}","templated":true}]}}