{"id":17,"date":"2010-05-21T15:50:15","date_gmt":"2010-05-21T13:50:15","guid":{"rendered":"http:\/\/www.sebastian-zenner.de\/?page_id=17"},"modified":"2022-01-12T13:51:31","modified_gmt":"2022-01-12T12:51:31","slug":"referenzen","status":"publish","type":"page","link":"https:\/\/www.sebastian-zenner.de\/?page_id=17","title":{"rendered":"REFERENZEN"},"content":{"rendered":"<p>Ich bin in Besitz eines Presseausweises, der meine hauptberufliche T\u00e4tigkeit als Journalist belegt. Au\u00dferdem bin ich Mitglied im <a href=\"http:\/\/www.djv.de\" target=\"_blank\" rel=\"noopener\">Deutschen Journalisten-Verband<\/a> (DJV) und im <a href=\"https:\/\/www.facebook.com\/Verein-Saarl%C3%A4ndische-Sportjournalisten-VSS-305908049446316\" target=\"_blank\" rel=\"noopener\">Verein Saarl\u00e4ndische Sportjournalisten<\/a> (VSS).<\/p>\n<p>F\u00fcr die nachfolgende Zeitungen, Zeitschriften und Magazine habe ich unter den K\u00fcrzeln &#8222;zen&#8220;, &#8222;sze&#8220; und &#8222;ze&#8220; Texte geliefert:<\/p>\n<p><a href=\"http:\/\/www.saarbruecker-zeitung.de\" target=\"_blank\" rel=\"noopener\">Saarbr\u00fccker Zeitung<\/a><\/p>\n<p><a href=\"http:\/\/www.magazin-forum.de\" target=\"_blank\" rel=\"noopener\">FORUM &#8211; Das Wochenmagazin<\/a><\/p>\n<p><a href=\"http:\/\/www.landessportverband-saar.de\/index.php?id=925\" target=\"_blank\" rel=\"noopener\">SaarSport Magazin<\/a><\/p>\n<p><a href=\"https:\/\/www.arbeitskammer.de\/publikationen\/aktuelle-ausgabe-ak-konkret-online-lesen\/\" target=\"_blank\" rel=\"noopener\">AK-konkret, Zeitschrift der Arbeitskammer des Saarlandes<\/a><\/p>\n<p><a href=\"http:\/\/www.saaramateur.de\" target=\"_blank\" rel=\"noopener\">saar.amateur<\/a><\/p>\n<p>F\u00fcr diese Medien bearbeite ich ressort\u00fcbergreifend unterschiedliche Themen und betreu(t)e beispielsweise im Sport:<\/p>\n<p><strong>Verschiedene Vereine, u.a.:<\/strong><br \/>\n&#8211; Saar-Mannschaften der Fu\u00dfball-Regionalliga, Oberliga und der Saarlandliga, unter anderem: Borussia Neunkirchen, 1. FC Saarbr\u00fccken II, SV Auersmacher, SF K\u00f6llerbach, SC Halberg Brebach, SV Saar 05 Saabr\u00fccken<br \/>\n&#8211; HG Saarlouis (2. Bundesliga Handball)<br \/>\n&#8211; HSG V\u00f6lklingen (A-Jugend Bundesliga Handball)<br \/>\n&#8211; Saarlouis Royals (Deutscher Meister und Pokalsieger im Damenbasketball)<br \/>\n&#8211; Saarland Hurricanes (Football-Bundesliga)<\/p>\n<p><strong>Verschiedene Serien, u.a.:<\/strong><br \/>\n&#8211; Vorstellung der Sportfachverb\u00e4nde des Landessportverbandes f\u00fcr das Saarland (LSVS) f\u00fcr die Saarbr\u00fccker Zeitung<br \/>\n&#8211; &#8222;SaarSport-Pers\u00f6nlichkeiten&#8220; f\u00fcr das SaarSport Magazin mit Sportgr\u00f6\u00dfen aus dem Saarland<br \/>\n&#8211; Vorstellung der Sportfachverb\u00e4nde des Landessportverbandes f\u00fcr das Saarland (LSVS) f\u00fcr die Saarbr\u00fccker Zeitung<br \/>\n&#8211; &#8222;Schule und Sport&#8220; \u00fcber die Entwicklung und Diskussionen rund um den Schulsport f\u00fcr die Saarbr\u00fccker Zeitung<br \/>\n&#8211; &#8222;Was macht eigentlich&#8230;?&#8220; \u00fcber ehemalige Fu\u00dfballprofis saarl\u00e4ndischer Vereine f\u00fcr die Saarbr\u00fccker Zeitung<br \/>\n&#8211; Talente im Saar-Fu\u00dfball f\u00fcr das Forum Magazin<\/p>\n<p><strong>Verschiedene Events, u.a.:<\/strong><br \/>\n&#8211; Squash-Festival 2010 (Einzel-Europameisterschaft, Bundesliga-Finale, German Ladies Open) f\u00fcr die Saarbr\u00fccker Zeitung<br \/>\n&#8211; Dreiband-Europameisterschaft 2010 in St. Wendel f\u00fcr die Saarbr\u00fccker Zeitung<br \/>\n&#8211; Victor&#8217;s Cup 2013 (internationales Handball-Nachwuchsturnier in Merzig)<\/p>\n","protected":false},"excerpt":{"rendered":"<p>Ich bin in Besitz eines Presseausweises, der meine hauptberufliche T\u00e4tigkeit als Journalist belegt. Au\u00dferdem bin ich Mitglied im Deutschen Journalisten-Verband (DJV) und im Verein Saarl\u00e4ndische Sportjournalisten (VSS). F\u00fcr die nachfolgende Zeitungen, Zeitschriften und Magazine habe ich unter den K\u00fcrzeln &#8222;zen&#8220;, &hellip; <a href=\"https:\/\/www.sebastian-zenner.de\/?page_id=17\">Lesen fortsetzen <span class=\"meta-nav\">&rarr;<\/span><\/a><\/p>\n","protected":false},"author":1,"featured_media":0,"parent":0,"menu_order":3,"comment_status":"closed","ping_status":"closed","template":"","meta":{"footnotes":""},"class_list":["post-17","page","type-page","status-publish","hentry"],"_links":{"self":[{"href":"https:\/\/www.sebastian-zenner.de\/index.php?rest_route=\/wp\/v2\/pages\/17","targetHints":{"allow":["GET"]}}],"collection":[{"href":"https:\/\/www.sebastian-zenner.de\/index.php?rest_route=\/wp\/v2\/pages"}],"about":[{"href":"https:\/\/www.sebastian-zenner.de\/index.php?rest_route=\/wp\/v2\/types\/page"}],"author":[{"embeddable":true,"href":"https:\/\/www.sebastian-zenner.de\/index.php?rest_route=\/wp\/v2\/users\/1"}],"replies":[{"embeddable":true,"href":"https:\/\/www.sebastian-zenner.de\/index.php?rest_route=%2Fwp%2Fv2%2Fcomments&post=17"}],"version-history":[{"count":21,"href":"https:\/\/www.sebastian-zenner.de\/index.php?rest_route=\/wp\/v2\/pages\/17\/revisions"}],"predecessor-version":[{"id":359,"href":"https:\/\/www.sebastian-zenner.de\/index.php?rest_route=\/wp\/v2\/pages\/17\/revisions\/359"}],"wp:attachment":[{"href":"https:\/\/www.sebastian-zenner.de\/index.php?rest_route=%2Fwp%2Fv2%2Fmedia&parent=17"}],"curies":[{"name":"wp","href":"https:\/\/api.w.org\/{rel}","templated":true}]}}